{"id":21,"date":"2023-01-02T17:25:20","date_gmt":"2023-01-02T17:25:20","guid":{"rendered":"https:\/\/foryoursecurity.fr\/?page_id=21"},"modified":"2023-03-03T14:06:06","modified_gmt":"2023-03-03T14:06:06","slug":"mentions-legales","status":"publish","type":"page","link":"https:\/\/foryoursecurity.fr\/en\/mentions-legales\/","title":{"rendered":"Legal Notice"},"content":{"rendered":"<div data-elementor-type=\"wp-page\" data-elementor-id=\"21\" class=\"elementor elementor-21\" data-elementor-post-type=\"page\">\n\t\t\t\t\t\t<section class=\"elementor-section elementor-top-section elementor-element elementor-element-7fc234d elementor-section-height-min-height elementor-section-boxed elementor-section-height-default elementor-section-items-middle\" data-id=\"7fc234d\" data-element_type=\"section\" data-settings=\"{&quot;background_background&quot;:&quot;classic&quot;}\">\n\t\t\t\t\t\t\t<div class=\"elementor-background-overlay\"><\/div>\n\t\t\t\t\t\t\t<div class=\"elementor-container elementor-column-gap-default\">\n\t\t\t\t\t<div class=\"elementor-column elementor-col-100 elementor-top-column elementor-element elementor-element-17e593e8\" data-id=\"17e593e8\" data-element_type=\"column\">\n\t\t\t<div class=\"elementor-widget-wrap elementor-element-populated\">\n\t\t\t\t\t\t<div class=\"elementor-element elementor-element-63a8f7ae de_scroll_animation_no elementor-invisible elementor-widget elementor-widget-heading\" data-id=\"63a8f7ae\" data-element_type=\"widget\" data-settings=\"{&quot;_animation&quot;:&quot;fadeInUp&quot;}\" data-widget_type=\"heading.default\">\n\t\t\t\t<div class=\"elementor-widget-container\">\n\t\t\t<style>\/*! elementor - v3.22.0 - 26-06-2024 *\/\n.elementor-heading-title{padding:0;margin:0;line-height:1}.elementor-widget-heading .elementor-heading-title[class*=elementor-size-]>a{color:inherit;font-size:inherit;line-height:inherit}.elementor-widget-heading .elementor-heading-title.elementor-size-small{font-size:15px}.elementor-widget-heading .elementor-heading-title.elementor-size-medium{font-size:19px}.elementor-widget-heading .elementor-heading-title.elementor-size-large{font-size:29px}.elementor-widget-heading .elementor-heading-title.elementor-size-xl{font-size:39px}.elementor-widget-heading .elementor-heading-title.elementor-size-xxl{font-size:59px}<\/style><h2 class=\"elementor-heading-title elementor-size-default\">Legal Notice<\/h2>\t\t<\/div>\n\t\t\t\t<\/div>\n\t\t\t\t<div class=\"elementor-element elementor-element-4eee3dd9 elementor-icon-list--layout-inline elementor-align-center elementor-list-item-link-full_width de_scroll_animation_no elementor-invisible elementor-widget elementor-widget-icon-list\" data-id=\"4eee3dd9\" data-element_type=\"widget\" data-settings=\"{&quot;_animation&quot;:&quot;fadeInUp&quot;,&quot;_animation_delay&quot;:200}\" data-widget_type=\"icon-list.default\">\n\t\t\t\t<div class=\"elementor-widget-container\">\n\t\t\t<link rel=\"stylesheet\" href=\"https:\/\/foryoursecurity.fr\/wp-content\/plugins\/elementor\/assets\/css\/widget-icon-list.min.css\">\t\t<ul class=\"elementor-icon-list-items elementor-inline-items\">\n\t\t\t\t\t\t\t<li class=\"elementor-icon-list-item elementor-inline-item\">\n\t\t\t\t\t\t\t\t\t\t\t<a href=\"https:\/\/foryoursecurity.fr\/en\/\">\n\n\t\t\t\t\t\t\t\t\t\t\t<span class=\"elementor-icon-list-text\">Home<\/span>\n\t\t\t\t\t\t\t\t\t\t\t<\/a>\n\t\t\t\t\t\t\t\t\t<\/li>\n\t\t\t\t\t\t\t\t<li class=\"elementor-icon-list-item elementor-inline-item\">\n\t\t\t\t\t\t\t\t\t\t\t<span class=\"elementor-icon-list-icon\">\n\t\t\t\t\t\t\t<i aria-hidden=\"true\" class=\"icon icon-right-arrow\"><\/i>\t\t\t\t\t\t<\/span>\n\t\t\t\t\t\t\t\t\t\t<span class=\"elementor-icon-list-text\">Legal Notice<\/span>\n\t\t\t\t\t\t\t\t\t<\/li>\n\t\t\t\t\t\t<\/ul>\n\t\t\t\t<\/div>\n\t\t\t\t<\/div>\n\t\t\t\t\t<\/div>\n\t\t<\/div>\n\t\t\t\t\t<\/div>\n\t\t<\/section>\n\t\t\t\t<section class=\"elementor-section elementor-top-section elementor-element elementor-element-61b0c70 elementor-section-boxed elementor-section-height-default elementor-section-height-default\" data-id=\"61b0c70\" data-element_type=\"section\">\n\t\t\t\t\t\t<div class=\"elementor-container elementor-column-gap-default\">\n\t\t\t\t\t<div class=\"elementor-column elementor-col-100 elementor-top-column elementor-element elementor-element-2c6632d\" data-id=\"2c6632d\" data-element_type=\"column\">\n\t\t\t<div class=\"elementor-widget-wrap elementor-element-populated\">\n\t\t\t\t\t\t<div class=\"elementor-element elementor-element-7df1e66 de_scroll_animation_no elementor-widget elementor-widget-text-editor\" data-id=\"7df1e66\" data-element_type=\"widget\" data-widget_type=\"text-editor.default\">\n\t\t\t\t<div class=\"elementor-widget-container\">\n\t\t\t<style>\/*! elementor - v3.22.0 - 26-06-2024 *\/\n.elementor-widget-text-editor.elementor-drop-cap-view-stacked .elementor-drop-cap{background-color:#69727d;color:#fff}.elementor-widget-text-editor.elementor-drop-cap-view-framed .elementor-drop-cap{color:#69727d;border:3px solid;background-color:transparent}.elementor-widget-text-editor:not(.elementor-drop-cap-view-default) .elementor-drop-cap{margin-top:8px}.elementor-widget-text-editor:not(.elementor-drop-cap-view-default) .elementor-drop-cap-letter{width:1em;height:1em}.elementor-widget-text-editor .elementor-drop-cap{float:left;text-align:center;line-height:1;font-size:50px}.elementor-widget-text-editor .elementor-drop-cap-letter{display:inline-block}<\/style>\t\t\t\t<p><strong>Site owner:<\/strong> For Your Security\u00a0<br \/><strong>Address: <\/strong>11 RUE DU GRAND MUR 06250 MOUGINS <br \/><strong>Phone :<\/strong> 06.52.24.69.45 <br \/><strong>Email:<\/strong> fys06@outlook.fr<\/p><p><strong>Webmaster :<\/strong> Agence Mint Marketing<\/p><p><strong>Hosted by :<\/strong> Hostinger - 61 Lordou Vironos Street 6023 Larnaca 08 92 97 70 93<\/p><p>This website has been designed for \" For Your Security \". It is subject to French law. The use of this site is governed by the present general conditions. By using this site, you acknowledge that you have read these conditions and accept them.<\/p><p>The information on this site is as accurate as possible and the site is periodically updated, but may contain inaccuracies, omissions or gaps. If you notice any inaccurate information on the site, please report it to the email address above.<\/p><p>All texts, comments, works, illustrations and images reproduced on this site are reserved under copyright and intellectual property law for the whole world. As such and in accordance with the provisions of the Code of Intellectual Property, only the use for private use subject to different provisions even more restrictive of the Code of Intellectual Property. Any total or partial reproduction of the site by any process whatsoever without the express permission of the author is prohibited.<\/p><p>The trademarks mentioned on this site are registered by the companies that own them.<\/p><p>Le site peut contenir des liens hypertextes vers d&rsquo;autres sites pr\u00e9sents sur le r\u00e9seau Internet. Les liens vers ces autres ressources vous font quitter le site. Il est possible de cr\u00e9er un lien vers la page de pr\u00e9sentation de ce site sans autorisation expresse de Fabien Berthon. Toutefois, Fabien Berthon ne dispose d&rsquo;aucun contr\u00f4le sur ces sites et ne r\u00e9pond pas de leur contenu.<\/p><p>The personal information collected is intended for For Your Security. It will not be communicated to third parties under any circumstances. In accordance with the law \" Informatique et Libert\u00e9s \" of January 6th 1978 modified.<\/p>\t\t\t\t\t\t<\/div>\n\t\t\t\t<\/div>\n\t\t\t\t\t<\/div>\n\t\t<\/div>\n\t\t\t\t\t<\/div>\n\t\t<\/section>\n\t\t\t\t<\/div>","protected":false},"excerpt":{"rendered":"<p>Mentions L\u00e9gales Accueil Mentions L\u00e9gales Propri\u00e9taire du site : For Your Security\u00a0Adresse : 11 RUE DU GRAND MUR 06250 MOUGINS T\u00e9l\u00e9phone : 06.52.24.69.45 Email : fys06@outlook.fr Webmaster : Agence Mint Marketing H\u00e9bergeur : Hostinger \u2013 61 rue Lordou Vironos 6023 Larnaca 08 92 97 70 93 Ce site web a \u00e9t\u00e9 con\u00e7u pour \u00ab\u00a0For Your&#8230;<\/p>","protected":false},"author":1,"featured_media":0,"parent":0,"menu_order":0,"comment_status":"closed","ping_status":"closed","template":"","meta":{"om_disable_all_campaigns":false,"_kad_post_transparent":"","_kad_post_title":"hide","_kad_post_layout":"fullwidth","_kad_post_sidebar_id":"","_kad_post_content_style":"unboxed","_kad_post_vertical_padding":"hide","_kad_post_feature":"hide","_kad_post_feature_position":"","_kad_post_header":false,"_kad_post_footer":false,"footnotes":""},"_links":{"self":[{"href":"https:\/\/foryoursecurity.fr\/en\/wp-json\/wp\/v2\/pages\/21"}],"collection":[{"href":"https:\/\/foryoursecurity.fr\/en\/wp-json\/wp\/v2\/pages"}],"about":[{"href":"https:\/\/foryoursecurity.fr\/en\/wp-json\/wp\/v2\/types\/page"}],"author":[{"embeddable":true,"href":"https:\/\/foryoursecurity.fr\/en\/wp-json\/wp\/v2\/users\/1"}],"replies":[{"embeddable":true,"href":"https:\/\/foryoursecurity.fr\/en\/wp-json\/wp\/v2\/comments?post=21"}],"version-history":[{"count":34,"href":"https:\/\/foryoursecurity.fr\/en\/wp-json\/wp\/v2\/pages\/21\/revisions"}],"predecessor-version":[{"id":2261,"href":"https:\/\/foryoursecurity.fr\/en\/wp-json\/wp\/v2\/pages\/21\/revisions\/2261"}],"wp:attachment":[{"href":"https:\/\/foryoursecurity.fr\/en\/wp-json\/wp\/v2\/media?parent=21"}],"curies":[{"name":"wp","href":"https:\/\/api.w.org\/{rel}","templated":true}]}}